{"id":1277,"date":"2022-02-22T11:20:29","date_gmt":"2022-02-22T10:20:29","guid":{"rendered":"https:\/\/segreteria.scienze.uniroma2.it\/?page_id=1277"},"modified":"2026-03-31T10:30:42","modified_gmt":"2026-03-31T08:30:42","slug":"iscriversi-in-cautelativa","status":"publish","type":"page","link":"https:\/\/segreteria.scienze.uniroma2.it\/?page_id=1277","title":{"rendered":"Iscriversi in cautelativa"},"content":{"rendered":"\n<h2 class=\"wp-block-heading\" id=\"iscriversi-in-cautelativa\"><strong>Iscriversi in cautelativa<\/strong><\/h2>\n\n\n\n<p>Se intendi laurearti nella sessione invernale ovvero nell\u2019ultima sessione utile dell\u2019a.a. 2024\/2025 devi procedere con una iscrizione al nuovo anno accademico spuntando la voce &#8220;<strong>domanda cautelativa<\/strong>&#8220;. Il sistema generer\u00e0 una rata di importo zero che andr\u00e0 comunque convalidata su Delphi. La domanda cautelativa dovr\u00e0 essere compilata entro il 31 dicembre 2025 e <em>non deve essere consegnata in Segreteria<\/em>.<br>Se non riesci a laurearti entro l\u2019ultima sessione utile dell\u2019a.a. 2024\/2025, dovrai tornare nella tua pagina personale della piattaforma <a href=\"https:\/\/delphi.uniroma2.it\/totem\/jsp\/Iscrizioni\/sStudentiLoginIntro.jsp\" target=\"_blank\" rel=\"noreferrer noopener\"><strong>Delphi <\/strong><\/a>e selezionare &#8220;Rinuncia alla domanda cautelativa&#8221;. Il sistema generer\u00e0 il bollettino relativo alla prima rata delle tasse universitarie che dovrai pagare e convalidare affinch\u00e9 possa generare il bollettino relativo alla rata successiva. Tutte le rate dovranno essere pagate entro il <strong>5 giugno 2026<\/strong>. Per ogni ritardato pagamento sar\u00e0 generata un\u2019indennit\u00e0 di mora pari a 100,00\u20ac.<br><strong>Importante<\/strong> &#8211; Per ottenere le tasse ricalcolate in base alla capacit\u00e0 contributiva del tuo nucleo familiare, l&#8217;ISEE-U va presentato secondo le scadenze e le modalit\u00e0 previste per le iscrizioni ordinarie.<br>Per ulteriori dettagli si rimanda alla <strong><a href=\"https:\/\/www-2023.studenti.uniroma2.it\/wp-content\/uploads\/2025\/06\/Guida-dello-Studente-2025_2026x.pdf\" target=\"_blank\" rel=\"noreferrer noopener\">Guida dello studente<\/a><\/strong>.<\/p>\n","protected":false},"excerpt":{"rendered":"<p>Iscriversi in cautelativa Se intendi laurearti nella sessione invernale ovvero nell\u2019ultima sessione utile dell\u2019a.a. 2024\/2025 devi procedere con una iscrizione al nuovo anno accademico spuntando&hellip;<\/p>\n","protected":false},"author":3,"featured_media":0,"parent":0,"menu_order":0,"comment_status":"closed","ping_status":"closed","template":"","meta":{"footnotes":""},"class_list":["post-1277","page","type-page","status-publish","hentry"],"_links":{"self":[{"href":"https:\/\/segreteria.scienze.uniroma2.it\/index.php?rest_route=\/wp\/v2\/pages\/1277","targetHints":{"allow":["GET"]}}],"collection":[{"href":"https:\/\/segreteria.scienze.uniroma2.it\/index.php?rest_route=\/wp\/v2\/pages"}],"about":[{"href":"https:\/\/segreteria.scienze.uniroma2.it\/index.php?rest_route=\/wp\/v2\/types\/page"}],"author":[{"embeddable":true,"href":"https:\/\/segreteria.scienze.uniroma2.it\/index.php?rest_route=\/wp\/v2\/users\/3"}],"replies":[{"embeddable":true,"href":"https:\/\/segreteria.scienze.uniroma2.it\/index.php?rest_route=%2Fwp%2Fv2%2Fcomments&post=1277"}],"version-history":[{"count":17,"href":"https:\/\/segreteria.scienze.uniroma2.it\/index.php?rest_route=\/wp\/v2\/pages\/1277\/revisions"}],"predecessor-version":[{"id":2265,"href":"https:\/\/segreteria.scienze.uniroma2.it\/index.php?rest_route=\/wp\/v2\/pages\/1277\/revisions\/2265"}],"wp:attachment":[{"href":"https:\/\/segreteria.scienze.uniroma2.it\/index.php?rest_route=%2Fwp%2Fv2%2Fmedia&parent=1277"}],"curies":[{"name":"wp","href":"https:\/\/api.w.org\/{rel}","templated":true}]}}