{"id":1721,"date":"2022-10-10T10:50:43","date_gmt":"2022-10-10T08:50:43","guid":{"rendered":"https:\/\/segreteria.scienze.uniroma2.it\/?page_id=1721"},"modified":"2022-10-10T11:18:52","modified_gmt":"2022-10-10T09:18:52","slug":"iscrizione-contemporanea-a-due-corsi-di-studio","status":"publish","type":"page","link":"https:\/\/segreteria.scienze.uniroma2.it\/?page_id=1721","title":{"rendered":"Iscriversi contemporaneamente a due corsi di studio"},"content":{"rendered":"\n<h2 class=\"wp-block-heading\"><strong>Iscriversi contemporaneamente a due corsi di studio<\/strong><\/h2>\n\n\n\n<p>Ai sensi della legge\u00a0<a rel=\"noreferrer noopener\" href=\"https:\/\/www.normattiva.it\/uri-res\/N2Ls?urn:nir:stato:legge:2022-04-12;33#:~:text=Non%20e'%20consentita%20l'iscrizione,istituti%20superiori%20ad%20ordinamento%20speciale.\" target=\"_blank\">12 aprile 2022 n. 33<\/a>\u00a0e dei decreti ministeriali n.\u00a0<a rel=\"noreferrer noopener\" href=\"http:\/\/studenti.uniroma2.it\/wp-content\/uploads\/2022\/09\/Decreto-Ministeriale-n.-930-del-29-07-2022.pdf\" target=\"_blank\">930 del 29 luglio 2022<\/a>\u00a0(Disposizioni per consentire la contemporanea iscrizione a due corsi universitari) e Decreto Ministeriale n.\u00a0<a rel=\"noreferrer noopener\" href=\"http:\/\/studenti.uniroma2.it\/wp-content\/uploads\/2022\/09\/Decreto-Ministeriale-n.-933-del-02-08-2022.pdf\" target=\"_blank\">933 del 02-08-2022<\/a>\u00a0(Disposizioni per consentire la contemporanea iscrizione a due corsi AFAM o ad un corso AFAM e ad uno universitario) e della delibera del Senato Accademico dell\u2019Universit\u00e0 degli Studi di Roma Tor Vergata in data 20 settembre 2022, dall\u2019anno accademico 2022\/2023 \u00e8 possibile iscriversi a due corsi di studio presso la stessa Universit\u00e0 o presso due Universit\u00e0 diverse, di cui una anche estera, o presso Istituzioni di Alta Formazione Artistica e Musicale, Italiani o Esteri.<\/p>\n\n\n\n<p>Tutti i dettagli puoi trovarli cliccando il seguente <strong><a href=\"http:\/\/studenti.uniroma2.it\/iscrizione-contemporanea-a-due-corsi-di-studio\/\" target=\"_blank\" rel=\"noreferrer noopener\">link<\/a><\/strong>.<\/p>\n","protected":false},"excerpt":{"rendered":"<p>Iscriversi contemporaneamente a due corsi di studio Ai sensi della legge\u00a012 aprile 2022 n. 33\u00a0e dei decreti ministeriali n.\u00a0930 del 29 luglio 2022\u00a0(Disposizioni per consentire&hellip;<\/p>\n","protected":false},"author":3,"featured_media":0,"parent":0,"menu_order":0,"comment_status":"closed","ping_status":"closed","template":"","meta":{"footnotes":""},"class_list":["post-1721","page","type-page","status-publish","hentry"],"_links":{"self":[{"href":"https:\/\/segreteria.scienze.uniroma2.it\/index.php?rest_route=\/wp\/v2\/pages\/1721","targetHints":{"allow":["GET"]}}],"collection":[{"href":"https:\/\/segreteria.scienze.uniroma2.it\/index.php?rest_route=\/wp\/v2\/pages"}],"about":[{"href":"https:\/\/segreteria.scienze.uniroma2.it\/index.php?rest_route=\/wp\/v2\/types\/page"}],"author":[{"embeddable":true,"href":"https:\/\/segreteria.scienze.uniroma2.it\/index.php?rest_route=\/wp\/v2\/users\/3"}],"replies":[{"embeddable":true,"href":"https:\/\/segreteria.scienze.uniroma2.it\/index.php?rest_route=%2Fwp%2Fv2%2Fcomments&post=1721"}],"version-history":[{"count":7,"href":"https:\/\/segreteria.scienze.uniroma2.it\/index.php?rest_route=\/wp\/v2\/pages\/1721\/revisions"}],"predecessor-version":[{"id":1733,"href":"https:\/\/segreteria.scienze.uniroma2.it\/index.php?rest_route=\/wp\/v2\/pages\/1721\/revisions\/1733"}],"wp:attachment":[{"href":"https:\/\/segreteria.scienze.uniroma2.it\/index.php?rest_route=%2Fwp%2Fv2%2Fmedia&parent=1721"}],"curies":[{"name":"wp","href":"https:\/\/api.w.org\/{rel}","templated":true}]}}