{"id":2061,"date":"2025-06-17T08:52:54","date_gmt":"2025-06-17T06:52:54","guid":{"rendered":"https:\/\/segreteria.scienze.uniroma2.it\/?page_id=2061"},"modified":"2025-06-17T09:44:12","modified_gmt":"2025-06-17T07:44:12","slug":"richiedere-unopzione-di-corso","status":"publish","type":"page","link":"https:\/\/segreteria.scienze.uniroma2.it\/?page_id=2061","title":{"rendered":"Richiedere un&#8217;opzione di corso"},"content":{"rendered":"\n<h2 class=\"wp-block-heading\"><strong>Richiedere un&#8217;opzione di corso<\/strong><\/h2>\n\n\n\n<p>Se sei iscritto a un corso di studio che non viene pi\u00f9 erogato o che ha sub\u00ecto modifiche al piano didattico, hai la possibilit\u00e0 di richiedere l\u2019opzione per il nuovo corso di studio attivato. La richiesta di opzione deve essere presentata contestualmente all\u2019iscrizione al nuovo anno accademico. Puoi farlo recandoti allo sportello della Segreteria Studenti e compilando la modulistica disponibile al seguente link: <a href=\"https:\/\/segreteria.scienze.uniroma2.it\/wp-content\/uploads\/2024\/10\/Modulo-opzione-corso.pdf\" data-type=\"link\" data-id=\"https:\/\/segreteria.scienze.uniroma2.it\/wp-content\/uploads\/2024\/10\/Modulo-opzione-corso.pdf\" target=\"_blank\" rel=\"noreferrer noopener\"><strong>modulo opzione corso<\/strong><\/a>.<\/p>\n\n\n\n<p>In alternativa, puoi inviare la domanda, prima firmata e poi scansionata, via email all\u2019indirizzo della Segreteria Studenti (<a href=\"mailto:segreteria-studenti@scienze.uniroma2.it\"><strong>segreteria-studenti@scienze.uniroma2.it<\/strong><\/a>), allegando una copia di un documento di identit\u00e0 valido, tutto esclusivamente in formato pdf.<\/p>\n\n\n\n<p>Una volta ricevuta la documentazione, il nostro ufficio provveder\u00e0 a trasmettere la richiesta alla Commissione didattica del nuovo corso, che si occuper\u00e0 del riconoscimento dei tuoi studi pregressi.<\/p>\n\n\n\n<p><\/p>\n","protected":false},"excerpt":{"rendered":"<p>Richiedere un&#8217;opzione di corso Se sei iscritto a un corso di studio che non viene pi\u00f9 erogato o che ha sub\u00ecto modifiche al piano didattico,&hellip;<\/p>\n","protected":false},"author":3,"featured_media":0,"parent":0,"menu_order":0,"comment_status":"closed","ping_status":"closed","template":"","meta":{"footnotes":""},"class_list":["post-2061","page","type-page","status-publish","hentry"],"_links":{"self":[{"href":"https:\/\/segreteria.scienze.uniroma2.it\/index.php?rest_route=\/wp\/v2\/pages\/2061","targetHints":{"allow":["GET"]}}],"collection":[{"href":"https:\/\/segreteria.scienze.uniroma2.it\/index.php?rest_route=\/wp\/v2\/pages"}],"about":[{"href":"https:\/\/segreteria.scienze.uniroma2.it\/index.php?rest_route=\/wp\/v2\/types\/page"}],"author":[{"embeddable":true,"href":"https:\/\/segreteria.scienze.uniroma2.it\/index.php?rest_route=\/wp\/v2\/users\/3"}],"replies":[{"embeddable":true,"href":"https:\/\/segreteria.scienze.uniroma2.it\/index.php?rest_route=%2Fwp%2Fv2%2Fcomments&post=2061"}],"version-history":[{"count":10,"href":"https:\/\/segreteria.scienze.uniroma2.it\/index.php?rest_route=\/wp\/v2\/pages\/2061\/revisions"}],"predecessor-version":[{"id":2082,"href":"https:\/\/segreteria.scienze.uniroma2.it\/index.php?rest_route=\/wp\/v2\/pages\/2061\/revisions\/2082"}],"wp:attachment":[{"href":"https:\/\/segreteria.scienze.uniroma2.it\/index.php?rest_route=%2Fwp%2Fv2%2Fmedia&parent=2061"}],"curies":[{"name":"wp","href":"https:\/\/api.w.org\/{rel}","templated":true}]}}