{"id":255,"date":"2022-01-04T11:43:03","date_gmt":"2022-01-04T10:43:03","guid":{"rendered":"https:\/\/segreteria.scienze.uniroma2.it\/?page_id=255"},"modified":"2025-08-26T08:09:47","modified_gmt":"2025-08-26T06:09:47","slug":"tasse","status":"publish","type":"page","link":"https:\/\/segreteria.scienze.uniroma2.it\/?page_id=255","title":{"rendered":"Riparametrare le tasse in base al reddito familiare"},"content":{"rendered":"\n<h2 class=\"wp-block-heading\" id=\"riparametrare-le-tasse-in-base-al-reddito-familiare\"><strong>Riparametrare le tasse in base al reddito familiare<\/strong><\/h2>\n\n\n\n<p>L\u2019Universit\u00e0 degli Studi di Roma \u201cTor Vergata\u201d, in conformit\u00e0 con quanto disposto dalla normativa vigente, ha definito i livelli di contribuzione studentesca dei corsi di studio nel rispetto dei principi di equit\u00e0, gradualit\u00e0 e progressivit\u00e0, al fine di garantire il diritto allo studio e di premiare l\u2019impegno e il merito. Pertanto, l\u2019Ateneo ha predisposto un sistema di calcolo dei contributi studenteschi basato sulla capacit\u00e0 contributiva familiare (attestazione ISEE-Universit\u00e0), sul merito (numero di crediti acquisiti nei 12 mesi antecedenti la data del 10 agosto precedente la nuova iscrizione), tabella di appartenenza del proprio corso di laurea e della coorte (anno di immatricolazione). Per ulteriori approfondimenti, consultare la <strong><a href=\"https:\/\/www-2023.studenti.uniroma2.it\/wp-content\/uploads\/2025\/06\/Guida-dello-Studente-2025_2026x.pdf\" target=\"_blank\" rel=\"noreferrer noopener\">Guida dello Studente<\/a><\/strong> pubblicata sul portale di Ateneo.<\/p>\n\n\n\n<p>Se intendi avvalerti\/non avvalerti della riduzione delle tasse in base al tuo reddito familiare, devi collegarti alla tua area personale Delphi e procedere cliccando su &#8220;<strong>Autorizzazione acquisizione isee-u tramite banca dati Inps<\/strong>&#8221; e selezionare la voce che interessa.<br>Il Centro di Calcolo periodicamente provveder\u00e0 a verificare la presenza di un ISEE-U valido collegato al tuo codice fiscale nella banca dati INPS e, successivamente, a ricalcolare le rate in base al reddito familiare che risulter\u00e0 evidenziato nella tua sezione &#8220;tasse&#8221; su Delphi.<br>Potrai quindi procedere con la stampa dei bollettini che andranno pagati tramite il sistema PagoPa seguendo le informazioni fornite al seguente <a href=\"http:\/\/studenti.uniroma2.it\/pagamento\/\" target=\"_blank\" rel=\"noreferrer noopener\"><strong>link<\/strong><\/a>.<\/p>\n\n\n\n<div class=\"wp-block-group\"><div class=\"wp-block-group__inner-container is-layout-flow wp-block-group-is-layout-flow\">\n<p><strong>Importante: le certificazioni ISEE-U scadono il 31 dicembre dell&#8217;anno solare in cui sono state richieste.<\/strong><br><strong>Quando concedi l&#8217;autorizzazione la tua certificazione non deve essere scaduta e sar\u00e0 valida per tutto l&#8217;anno accademico di riferimento.<\/strong><br><br><strong>Gli studenti (comunitari ed ex-comunitari) appartenenti ad un nucleo familiare con un reddito dichiarato all&#8217;estero, per accedere alle agevolazioni previste per la riduzione dei contributi universitari, dovranno provvedere ad ottenere l&#8217;attestazione ISEE-Universit\u00e0 parificato (scheda raccolta dati per indicatore parificato universitario) entro il 15 dicembre 2025 presso un qualsiasi CAF a livello nazionale. <\/strong><br>Ottenuta l&#8217;attestazione ISEE parificato, lo studente dovr\u00e0 caricare una copia dell&#8217;ISEE-Universit\u00e0 parificato rilasciato dal CAF, copia dello stato di famiglia e copia dei certificati utilizzati per il rilascio di tale attestazione (scritti in lingua madre, legalizzati e\/o apostillati e ufficialmente tradotti in italiano) sul sistema ApplyNow, collegandosi con le stesse credenziali usate per Delphi al seguente indirizzo: <strong><a href=\"http:\/\/applynow.uniroma2.it\/login\" target=\"_blank\" rel=\"noreferrer noopener\">http:\/\/applynow.uniroma2.it\/<\/a><\/strong>.<br><br>Per ulteriori informazioni consulta il seguente <strong><a href=\"https:\/\/www-2023.studenti.uniroma2.it\/wp-content\/uploads\/2025\/06\/Guida-dello-Studente-2025_2026x.pdf#page=43\" data-type=\"link\" data-id=\"https:\/\/www-2023.studenti.uniroma2.it\/wp-content\/uploads\/2024\/07\/Guida-dello-Studente-2024_2025_DEF.pdf#=41\" target=\"_blank\" rel=\"noreferrer noopener\">link <\/a><\/strong>oppure visita il sito: <a href=\"http:\/\/studenti.uniroma2.it\/\" target=\"_blank\" rel=\"noreferrer noopener\"><strong>http:\/\/studenti.uniroma2.it\/<\/strong><\/a>.<br>In caso di necessit\u00e0 consulta il Welcome office (<a href=\"mailto:welcome@uniroma2.it\"><strong>welcome@uniroma2.it<\/strong><\/a>).<\/p>\n<\/div><\/div>\n\n\n\n<p><\/p>\n\n\n\n<p><\/p>\n\n\n\n<p><\/p>\n","protected":false},"excerpt":{"rendered":"<p>Riparametrare le tasse in base al reddito familiare L\u2019Universit\u00e0 degli Studi di Roma \u201cTor Vergata\u201d, in conformit\u00e0 con quanto disposto dalla normativa vigente, ha definito&hellip;<\/p>\n","protected":false},"author":3,"featured_media":0,"parent":0,"menu_order":0,"comment_status":"closed","ping_status":"closed","template":"","meta":{"footnotes":""},"class_list":["post-255","page","type-page","status-publish","hentry"],"_links":{"self":[{"href":"https:\/\/segreteria.scienze.uniroma2.it\/index.php?rest_route=\/wp\/v2\/pages\/255","targetHints":{"allow":["GET"]}}],"collection":[{"href":"https:\/\/segreteria.scienze.uniroma2.it\/index.php?rest_route=\/wp\/v2\/pages"}],"about":[{"href":"https:\/\/segreteria.scienze.uniroma2.it\/index.php?rest_route=\/wp\/v2\/types\/page"}],"author":[{"embeddable":true,"href":"https:\/\/segreteria.scienze.uniroma2.it\/index.php?rest_route=\/wp\/v2\/users\/3"}],"replies":[{"embeddable":true,"href":"https:\/\/segreteria.scienze.uniroma2.it\/index.php?rest_route=%2Fwp%2Fv2%2Fcomments&post=255"}],"version-history":[{"count":71,"href":"https:\/\/segreteria.scienze.uniroma2.it\/index.php?rest_route=\/wp\/v2\/pages\/255\/revisions"}],"predecessor-version":[{"id":2123,"href":"https:\/\/segreteria.scienze.uniroma2.it\/index.php?rest_route=\/wp\/v2\/pages\/255\/revisions\/2123"}],"wp:attachment":[{"href":"https:\/\/segreteria.scienze.uniroma2.it\/index.php?rest_route=%2Fwp%2Fv2%2Fmedia&parent=255"}],"curies":[{"name":"wp","href":"https:\/\/api.w.org\/{rel}","templated":true}]}}