{"id":271,"date":"2022-01-04T12:29:29","date_gmt":"2022-01-04T11:29:29","guid":{"rendered":"https:\/\/segreteria.scienze.uniroma2.it\/?page_id=271"},"modified":"2025-11-20T09:37:28","modified_gmt":"2025-11-20T08:37:28","slug":"rinuncia","status":"publish","type":"page","link":"https:\/\/segreteria.scienze.uniroma2.it\/?page_id=271","title":{"rendered":"Rinunciare agli studi"},"content":{"rendered":"\n<h2 class=\"wp-block-heading\" id=\"rinunciare-agli-studi\"><strong>Rinunciare agli studi<\/strong><\/h2>\n\n\n\n<p>La rinuncia agli studi \u00e8 un atto formale e irrevocabile con il quale puoi decidere di interrompere la carriera universitaria. E\u2019 importante sapere che:<br>\u2022 puoi rinunciare in qualsiasi periodo dell\u2019anno;<br>\u2022 non sei tenuto al pagamento di eventuali rate universitarie rimaste in sospeso e non potrai richiedere il rimborso di eventuali rate gi\u00e0 versate;<br>\u2022 se hai sostenuto esami in un anno accademico in cui non eri in regola con le tasse universitarie questi verranno annullati d\u2019ufficio. Tuttavia, prima di richiedere la rinuncia, hai la possibilit\u00e0 di regolarizzare la tua posizione al fine di non perdere i CFU acquisiti;<br>\u2022 potrai ottenere comunque certificati relativi alla tua carriera percorsa con l\u2019annotazione obbligatoria dell\u2019avvenuta rinuncia.<br>Clicca <strong><a href=\"https:\/\/www-2023.studenti.uniroma2.it\/wp-content\/uploads\/2025\/06\/Guida-dello-Studente-2025_2026x.pdf#page=60\" target=\"_blank\" rel=\"noreferrer noopener\">qui <\/a><\/strong>per i dettagli sulla procedura di rinuncia.<\/p>\n\n\n\n<h3 class=\"wp-block-heading\"><strong>Nota bene:<\/strong><\/h3>\n\n\n\n<p><strong>Dal 20 ottobre 2025 \u00e8 stata attivata una procedura sperimentale<\/strong> che prevede la generazione di un bollettino PagoPA da 16,00 \u20ac relativo all\u2019imposta di bollo per la richiesta di rinuncia agli studi. Dopo il pagamento e la convalida su Delphi, la domanda si considera automaticamente presentata alla Segreteria Studenti, senza necessit\u00e0 di consegna cartacea. Successivamente la Segreteria registrer\u00e0 la rinuncia e invier\u00e0 la ricevuta per email.<\/p>\n\n\n\n<p>Chi ha gi\u00e0 inserito e convalidato la domanda <strong>prima del 20 ottobre 2025<\/strong> deve invece consegnarla in formato cartaceo, con applicata marca da bollo da 16,00 \u20ac, allo sportello della Segreteria Studenti.<\/p>\n\n\n\n<p>La presentazione pu\u00f2 essere effettuata anche tramite delegato (con delega firmata e copia del documento d\u2019identit\u00e0 del delegante) oppure tramite raccomandata A\/R da inviare all&#8217;indirizzo della Segreteria Studenti di Scienze, applicando la marca da bollo, firmando la domanda e allegando copia di un documento. Dopo la ricezione, verr\u00e0 inviata una mail di conferma.<\/p>\n\n\n\n<p><\/p>\n\n\n\n<p><\/p>\n\n\n\n<p><\/p>\n\n\n\n<p><\/p>\n\n\n\n<p><\/p>\n\n\n\n<p><\/p>\n","protected":false},"excerpt":{"rendered":"<p>Rinunciare agli studi La rinuncia agli studi \u00e8 un atto formale e irrevocabile con il quale puoi decidere di interrompere la carriera universitaria. E\u2019 importante&hellip;<\/p>\n","protected":false},"author":3,"featured_media":0,"parent":0,"menu_order":0,"comment_status":"closed","ping_status":"closed","template":"","meta":{"footnotes":""},"class_list":["post-271","page","type-page","status-publish","hentry"],"_links":{"self":[{"href":"https:\/\/segreteria.scienze.uniroma2.it\/index.php?rest_route=\/wp\/v2\/pages\/271","targetHints":{"allow":["GET"]}}],"collection":[{"href":"https:\/\/segreteria.scienze.uniroma2.it\/index.php?rest_route=\/wp\/v2\/pages"}],"about":[{"href":"https:\/\/segreteria.scienze.uniroma2.it\/index.php?rest_route=\/wp\/v2\/types\/page"}],"author":[{"embeddable":true,"href":"https:\/\/segreteria.scienze.uniroma2.it\/index.php?rest_route=\/wp\/v2\/users\/3"}],"replies":[{"embeddable":true,"href":"https:\/\/segreteria.scienze.uniroma2.it\/index.php?rest_route=%2Fwp%2Fv2%2Fcomments&post=271"}],"version-history":[{"count":35,"href":"https:\/\/segreteria.scienze.uniroma2.it\/index.php?rest_route=\/wp\/v2\/pages\/271\/revisions"}],"predecessor-version":[{"id":2163,"href":"https:\/\/segreteria.scienze.uniroma2.it\/index.php?rest_route=\/wp\/v2\/pages\/271\/revisions\/2163"}],"wp:attachment":[{"href":"https:\/\/segreteria.scienze.uniroma2.it\/index.php?rest_route=%2Fwp%2Fv2%2Fmedia&parent=271"}],"curies":[{"name":"wp","href":"https:\/\/api.w.org\/{rel}","templated":true}]}}