{"id":75,"date":"2021-12-15T12:56:04","date_gmt":"2021-12-15T11:56:04","guid":{"rendered":"https:\/\/segreteria.scienze.uniroma2.it\/?page_id=75"},"modified":"2026-04-29T14:10:14","modified_gmt":"2026-04-29T12:10:14","slug":"segreteria-studenti-scienze","status":"publish","type":"page","link":"https:\/\/segreteria.scienze.uniroma2.it\/","title":{"rendered":""},"content":{"rendered":"<div class=\"wp-block-image\">\n<figure class=\"aligncenter size-full\"><img loading=\"lazy\" decoding=\"async\" width=\"66\" height=\"44\" src=\"https:\/\/segreteria.scienze.uniroma2.it\/wp-content\/uploads\/2022\/03\/image.png\" alt=\"\" class=\"wp-image-1341\"\/><\/figure>\n<\/div>\n\n\n<h2 class=\"wp-block-heading has-text-align-center\"><\/h2>\n\n\n\n<p><br>La Segreteria Studenti gestisce i procedimenti amministrativi che coinvolgono le carriere delle studentesse e degli studenti iscritti ai Corsi di Laurea, Laurea Magistrale e Laurea Magistrale a ciclo unico afferenti alla Macroarea di Scienze, dalle modalit\u00e0 di accesso fino alla conclusione del percorso di studio, e offre un servizio di supporto per i relativi adempimenti amministrativi.<\/p>\n\n\n\n<p>In particolare ci si rivolge alle Segreterie Studenti per:<\/p>\n\n\n\n<ul class=\"wp-block-list\">\n<li>informazioni sui corsi di studio;<\/li>\n\n\n\n<li>immatricolazione e iscrizione ad anni successivi al primo;<\/li>\n\n\n\n<li>tasse e contributi universitari;<\/li>\n\n\n\n<li>rilascio certificati e diploma supplement;<\/li>\n\n\n\n<li>passaggio ad altri corsi di Laurea;<\/li>\n\n\n\n<li>trasferimento ad altre Universit\u00e0 o da altre Universit\u00e0;<\/li>\n\n\n\n<li>decadenza dalla qualit\u00e0 di studente;<\/li>\n\n\n\n<li>ritiro pergamene di laurea;<\/li>\n\n\n\n<li>rinuncia agli studi.<\/li>\n<\/ul>\n\n\n\n<p>Per le attivit\u00e0 legate alla didattica e all\u2019organizzazione dei corsi di studio (ordinamenti didattici, esami, docenti di riferimento, orario corsi, struttura dei piani di studio, ecc.) consulta il sito della <strong><a href=\"https:\/\/www-2022.scienze.uniroma2.it\/\" target=\"_blank\" rel=\"noreferrer noopener\">Macroarea di Scienze<\/a><\/strong> selezionando il corso di laurea di tuo interesse.<\/p>\n\n\n\n<div class=\"wp-block-group\"><div class=\"wp-block-group__inner-container is-layout-flow wp-block-group-is-layout-flow\">\n<div class=\"wp-block-columns is-layout-flex wp-container-core-columns-is-layout-9d6595d7 wp-block-columns-is-layout-flex\">\n<div class=\"wp-block-column is-layout-flow wp-block-column-is-layout-flow\" style=\"flex-basis:100%\">\n<pre class=\"wp-block-verse\"><strong>L\u2019ufficio \u00e8 aperto al pubblico nei seguenti giorni:<br>Luned\u00ec: h 09:00-12:00<br>Mercoled\u00ec: h 09:00-12:00 \u2013 h 14:00-16:00<br>Venerd\u00ec: h 09:00-12:00<\/strong><br><strong>E' presente nell'atrio antistante la Segreteria Studenti l'eliminacode.<br><\/strong><br><strong>E' inoltre disponibile il servizio di video sportello prenotabile al seguente link: <a href=\"https:\/\/prenotazioni.uniroma2.it\/videosportello-scienze\/\" target=\"_blank\" rel=\"noreferrer noopener\">https:\/\/prenotazioni.uniroma2.it\/segreteria\/<\/a><\/strong><\/pre>\n\n\n\n<p>E&#8217; necessario presentarsi in presenza per i seguenti servizi:<\/p>\n\n\n\n<ul class=\"wp-block-list\">\n<li>validazione immatricolazioni (presentare documenti originali caricati su Delphi, documento di identit\u00e0 e foto tessera);<\/li>\n\n\n\n<li>rilascio certificazioni e Diploma supplement firmati e timbrati dalla Segreteria;<\/li>\n\n\n\n<li>aggiornamento dati permesso di soggiorno;<\/li>\n\n\n\n<li>ritiro pergamene (per tutti i laureati alle triennali e magistrali entro dicembre 2025);<\/li>\n\n\n\n<li>presentazione richiesta di rinuncia agli studi;<\/li>\n\n\n\n<li>presentazione ripresa agli studi su rinuncia\/decadenza;<\/li>\n\n\n\n<li>presentazione domanda di laurea.<\/li>\n<\/ul>\n<\/div>\n<\/div>\n\n\n\n<p>Le altre documentazioni, che vengono normalmente consegnate allo sportello, potranno essere inoltrate tramite email corredate da copia di un valido documento di riconoscimento. Tutte le istanze e modulistiche che richiedono data e firma dovranno prima essere sottoscritte e datate poi scansionate e inviate <em>esclusivamente in formato pdf<\/em> in allegato per email al seguente indirizzo: <a rel=\"noreferrer noopener\" href=\"mailto:segreteria-studenti@scienze.uniroma2.it\" target=\"_blank\"><strong>segreteria-studenti@scienze.uniroma2.it<\/strong><\/a>.<br><\/p>\n<\/div><\/div>\n\n\n\n<p><\/p>\n\n\n\n<p><\/p>\n\n\n\n<p><\/p>\n\n\n\n<p><\/p>\n\n\n\n<p><\/p>\n\n\n\n<p><\/p>\n\n\n\n<p><\/p>\n\n\n\n<p><\/p>\n\n\n\n<p><\/p>\n\n\n\n<p><\/p>\n\n\n\n<p><\/p>\n\n\n\n<p><\/p>\n\n\n\n<p><\/p>\n\n\n\n<p><\/p>\n\n\n\n<p><\/p>\n\n\n\n<p><\/p>\n\n\n\n<p><\/p>\n","protected":false},"excerpt":{"rendered":"<p>La Segreteria Studenti gestisce i procedimenti amministrativi che coinvolgono le carriere delle studentesse e degli studenti iscritti ai Corsi di Laurea, Laurea Magistrale e Laurea&hellip;<\/p>\n","protected":false},"author":3,"featured_media":0,"parent":0,"menu_order":0,"comment_status":"closed","ping_status":"closed","template":"","meta":{"footnotes":""},"class_list":["post-75","page","type-page","status-publish","hentry"],"_links":{"self":[{"href":"https:\/\/segreteria.scienze.uniroma2.it\/index.php?rest_route=\/wp\/v2\/pages\/75","targetHints":{"allow":["GET"]}}],"collection":[{"href":"https:\/\/segreteria.scienze.uniroma2.it\/index.php?rest_route=\/wp\/v2\/pages"}],"about":[{"href":"https:\/\/segreteria.scienze.uniroma2.it\/index.php?rest_route=\/wp\/v2\/types\/page"}],"author":[{"embeddable":true,"href":"https:\/\/segreteria.scienze.uniroma2.it\/index.php?rest_route=\/wp\/v2\/users\/3"}],"replies":[{"embeddable":true,"href":"https:\/\/segreteria.scienze.uniroma2.it\/index.php?rest_route=%2Fwp%2Fv2%2Fcomments&post=75"}],"version-history":[{"count":159,"href":"https:\/\/segreteria.scienze.uniroma2.it\/index.php?rest_route=\/wp\/v2\/pages\/75\/revisions"}],"predecessor-version":[{"id":2267,"href":"https:\/\/segreteria.scienze.uniroma2.it\/index.php?rest_route=\/wp\/v2\/pages\/75\/revisions\/2267"}],"wp:attachment":[{"href":"https:\/\/segreteria.scienze.uniroma2.it\/index.php?rest_route=%2Fwp%2Fv2%2Fmedia&parent=75"}],"curies":[{"name":"wp","href":"https:\/\/api.w.org\/{rel}","templated":true}]}}